{"id":442,"date":"2014-02-12T09:27:26","date_gmt":"2014-02-12T09:27:26","guid":{"rendered":"http:\/\/lafermedelormay.com\/?page_id=442"},"modified":"2014-02-12T09:34:08","modified_gmt":"2014-02-12T09:34:08","slug":"mentions-legales-et-conditions-generales-dutilistation","status":"publish","type":"page","link":"http:\/\/lafermedelormay.com\/?page_id=442","title":{"rendered":"Mentions l\u00e9gales et Conditions G\u00e9n\u00e9rales d&#8217;Utilistation"},"content":{"rendered":"<p>Nom commercial : LA FERME DE LORMAY<\/p>\n<p>Activit\u00e9 : Restauration traditionnelle &#8211; 5610A<br \/>\nCat\u00e9gorie : Restauration<br \/>\nSi\u00e8ge social : Lieudit Lormay &#8211; 74450 LE GRAND BORNAND<br \/>\nForme juridique : Affaire personnelle commer\u00e7ant<\/p>\n<p>N\u00b0 SIRET : 34159557700030<br \/>\nRCS : Annecy 341 595 577<br \/>\nImmatriculation : 23-03-2009<br \/>\nNationalit\u00e9 : France<\/p>\n<p style=\"text-align: center;\">_______________________________________________________________<\/p>\n<p><strong>Droits de propri\u00e9t\u00e9 intellectuelle<\/strong><\/p>\n<p><strong>&#8211; Droits d&#8217;auteur<\/strong><br \/>\n\u2022 Le site <a href=\"http:\/\/www.lafermedelormay.com\">www.lafermedelormay.com<\/a> constitue une cr\u00e9ation intellectuelle dont le restaurant &#8221; La Ferme de Lormay &#8221; est l&#8217;auteur au sens des articles L. 111.1 et suivants du Code de la propri\u00e9t\u00e9 intellectuelle.<br \/>\n\u2022 L&#8217;ensemble des \u00e9l\u00e9ments disponibles sur le site <a href=\"http:\/\/www.lafermedelormay.com\">www.lafermedelormay.com<\/a> dont notamment les photographies, textes, slogans, dessins, images, s\u00e9quences anim\u00e9es sonores ou non ainsi que toutes cr\u00e9ations intellectuelles int\u00e9gr\u00e9es dans le site <a href=\"http:\/\/www.lafermedelormay.com\">www.lafermedelormay.com<\/a> sont la propri\u00e9t\u00e9 du restaurant &#8221; La Ferme de Lormay &#8221; ou de tiers ayant autoris\u00e9 le restaurant &#8221; La Ferme de Lormay &#8221; \u00e0 les utiliser.<br \/>\n\u2022 Toute reproduction, repr\u00e9sentation, utilisation, adaptation ou modification, par quelque proc\u00e9d\u00e9 que ce soit et sur quelque support que ce soit, de tout ou partie du site <a href=\"http:\/\/www.lafermedelormay.com\">www.lafermedelormay.com<\/a>, sans avoir obtenu l&#8217;autorisation pr\u00e9alable du restaurant &#8221; La Ferme de Lormay &#8221; est strictement interdite et constitue un d\u00e9lit de contrefa\u00e7on.<\/p>\n<p><strong>&#8211; Droits des marques<\/strong><br \/>\n\u2022 L&#8217;appellation &#8221; La Ferme de Lormay &#8220;, le logo &#8221; La Ferme de Lormay &#8220;, sont des marques d\u00e9pos\u00e9es par le restaurant &#8221; La Ferme de Lormay &#8220;.<br \/>\n\u2022 D&#8217;autres marques sont cit\u00e9es ; elles sont en principe identifi\u00e9es par une majuscule.<br \/>\n\u2022 La reproduction, la repr\u00e9sentation, l&#8217;utilisation, l&#8217;adaptation ou la modification de ces marques sans avoir obtenu l&#8217;autorisation pr\u00e9alable du restaurant &#8221; La Ferme de Lormay &#8221; est strictement interdite et constitue un d\u00e9lit de contrefa\u00e7on.<\/p>\n<p><strong>&#8211; Responsabilit\u00e9<\/strong><br \/>\n\u2022 Le restaurant &#8221; La Ferme de Lormay &#8221; ne saurait \u00eatre responsable des dommages directs et indirects et notamment pr\u00e9judice mat\u00e9riel, perte de donn\u00e9es, pr\u00e9judice financier qui pourrait r\u00e9sulter de la connexion ou de l&#8217;utilisation du site <a href=\"http:\/\/www.lafermedelormay.com\">www.lafermedelormay.com<\/a> ou des informations y figurant.<\/p>\n<p><strong>&#8211; Respect des r\u00e9glementations et de la d\u00e9ontologie<br \/>\n<\/strong>\u2022 Le site <a href=\"http:\/\/www.lafermedelormay.com\">www.lafermedelormay.com<\/a> est exploit\u00e9 par le restaurant &#8220;La Ferme de Lormay &#8221; dont le si\u00e9ge social est en France et les pr\u00e9sentes Conditions G\u00e9n\u00e9rales d&#8217;Utilisation sont soumises au droit fran\u00e7ais.<br \/>\n\u2022 Les internautes se connectant au site <a href=\"http:\/\/www.lafermedelormay.com\">www.lafermedelormay.com<\/a> \u00e0 partir d&#8217;autres pays que la France, doivent s&#8217;assurer du respect des lois applicable \u00e0 ces pays.<\/p>\n<p>Le restaurant &#8221; La Ferme de Lormay &#8221; se r\u00e9serve le droit de modifier et d&#8217;actualiser \u00e0 tout moment les pr\u00e9sentes mentions l\u00e9gales et Conditions G\u00e9n\u00e9rales d&#8217;Utilisation \u00e9tant pr\u00e9cis\u00e9 que la modification et l&#8217;actualisation des Conditions G\u00e9n\u00e9rales d&#8217;Utilisation s&#8217;imposent d\u00e9s leur mise en ligne.<\/p>\n<p>RESTAURANT &#8221; La Ferme de Lormay &#8221;<br \/>\n74450 Le Grand-Bornand<\/p>\n<p>TEL 04 50 02 24 29<\/p>\n<p>H\u00e9bergeur : O2SWITCH<\/p>\n","protected":false},"excerpt":{"rendered":"<p>Nom commercial : LA FERME DE LORMAY Activit\u00e9 : Restauration traditionnelle &#8211; 5610A Cat\u00e9gorie : Restauration Si\u00e8ge social : Lieudit Lormay &#8211; 74450 LE GRAND BORNAND Forme juridique : Affaire personnelle commer\u00e7ant N\u00b0 SIRET : 34159557700030 RCS : Annecy 341 595 577 Immatriculation : 23-03-2009 Nationalit\u00e9 : France _______________________________________________________________ Droits de propri\u00e9t\u00e9 intellectuelle &#8211; Droits [&hellip;]<\/p>\n","protected":false},"author":1,"featured_media":0,"parent":0,"menu_order":0,"comment_status":"closed","ping_status":"closed","template":"full-width-page.php","meta":[],"_links":{"self":[{"href":"http:\/\/lafermedelormay.com\/index.php?rest_route=\/wp\/v2\/pages\/442"}],"collection":[{"href":"http:\/\/lafermedelormay.com\/index.php?rest_route=\/wp\/v2\/pages"}],"about":[{"href":"http:\/\/lafermedelormay.com\/index.php?rest_route=\/wp\/v2\/types\/page"}],"author":[{"embeddable":true,"href":"http:\/\/lafermedelormay.com\/index.php?rest_route=\/wp\/v2\/users\/1"}],"replies":[{"embeddable":true,"href":"http:\/\/lafermedelormay.com\/index.php?rest_route=%2Fwp%2Fv2%2Fcomments&post=442"}],"version-history":[{"count":4,"href":"http:\/\/lafermedelormay.com\/index.php?rest_route=\/wp\/v2\/pages\/442\/revisions"}],"predecessor-version":[{"id":444,"href":"http:\/\/lafermedelormay.com\/index.php?rest_route=\/wp\/v2\/pages\/442\/revisions\/444"}],"wp:attachment":[{"href":"http:\/\/lafermedelormay.com\/index.php?rest_route=%2Fwp%2Fv2%2Fmedia&parent=442"}],"curies":[{"name":"wp","href":"https:\/\/api.w.org\/{rel}","templated":true}]}}