{"id":35,"date":"2014-01-19T18:24:57","date_gmt":"2014-01-19T18:24:57","guid":{"rendered":"http:\/\/lafermedelormay.com\/lormay\/?page_id=35"},"modified":"2022-02-01T10:40:27","modified_gmt":"2022-02-01T10:40:27","slug":"le-restaurant","status":"publish","type":"page","link":"http:\/\/lafermedelormay.com\/","title":{"rendered":"Le restaurant"},"content":{"rendered":"<p>Nich\u00e9e au bout de la vall\u00e9e du Bouchet au pied du massif des Aravis, la table du chef Albert Bonamy vous attend pour d\u00e9guster les plats traditionnels de la r\u00e9gion, en toute simplicit\u00e9.<br \/>\n<b>Nous sommes ferm\u00e9s d\u00e9finitivement&#8230; merci de votre fid\u00e9lit\u00e9. Vive la retraite!&nbsp;<\/b><\/p>\n<p><a href=\"http:\/\/lafermedelormay.com\/wp-content\/uploads\/2014\/02\/PLPN00108201A2LormayNX.jpg\"><img loading=\"lazy\" class=\"alignnone size-medium wp-image-105\" src=\"http:\/\/lafermedelormay.com\/wp-content\/uploads\/2014\/02\/PLPN00108201A2LormayNX.jpg\" alt=\"PLPN00108201A2LormayNX\" width=\"220\" height=\"300\"><\/a><a href=\"http:\/\/lafermedelormay.com\/wp-content\/uploads\/2014\/02\/PLPN00108195A2Lormay.jpg\"><img loading=\"lazy\" class=\"alignnone size-medium wp-image-102\" src=\"http:\/\/lafermedelormay.com\/wp-content\/uploads\/2014\/02\/PLPN00108195A2Lormay.jpg\" alt=\"PLPN00108195A2Lormay\" width=\"199\" height=\"300\"><\/a><a href=\"http:\/\/lafermedelormay.com\/wp-content\/uploads\/2014\/02\/PLPN00108196A2Lormay.jpg\"><img loading=\"lazy\" class=\"alignnone size-medium wp-image-103\" src=\"http:\/\/lafermedelormay.com\/wp-content\/uploads\/2014\/02\/PLPN00108196A2Lormay.jpg\" alt=\"PLPN00108196A2Lormay\" width=\"300\" height=\"300\"><\/a><a href=\"http:\/\/lafermedelormay.com\/wp-content\/uploads\/2014\/02\/PLPN00108146A2Lormay.jpg\"><img loading=\"lazy\" class=\"alignnone size-medium wp-image-124\" src=\"http:\/\/lafermedelormay.com\/wp-content\/uploads\/2014\/02\/PLPN00108146A2Lormay.jpg\" alt=\"PLPN00108146A2Lormay\" width=\"199\" height=\"300\"><img loading=\"lazy\" src=\"https:\/\/www.linkedin.com\/profile\/view?authToken=zRgB&amp;authType=name&amp;id=238776536\" width=\"1\" height=\"1\"><\/a><\/p>\n<p style=\"text-align: right;\"><a href=\"http:\/\/lafermedelormay.com\/?page_id=442\">Mentions l\u00e9gales et CGUs<\/a><\/p>\n","protected":false},"excerpt":{"rendered":"<p>Nich\u00e9e au bout de la vall\u00e9e du Bouchet au pied du massif des Aravis, la table du chef Albert Bonamy vous attend pour d\u00e9guster les plats traditionnels de la r\u00e9gion, en toute simplicit\u00e9. Nous sommes ferm\u00e9s d\u00e9finitivement&#8230; merci de votre fid\u00e9lit\u00e9. Vive la retraite!&nbsp; Mentions l\u00e9gales et CGUs<\/p>\n","protected":false},"author":1,"featured_media":0,"parent":0,"menu_order":0,"comment_status":"closed","ping_status":"closed","template":"full-width-page.php","meta":[],"_links":{"self":[{"href":"http:\/\/lafermedelormay.com\/index.php?rest_route=\/wp\/v2\/pages\/35"}],"collection":[{"href":"http:\/\/lafermedelormay.com\/index.php?rest_route=\/wp\/v2\/pages"}],"about":[{"href":"http:\/\/lafermedelormay.com\/index.php?rest_route=\/wp\/v2\/types\/page"}],"author":[{"embeddable":true,"href":"http:\/\/lafermedelormay.com\/index.php?rest_route=\/wp\/v2\/users\/1"}],"replies":[{"embeddable":true,"href":"http:\/\/lafermedelormay.com\/index.php?rest_route=%2Fwp%2Fv2%2Fcomments&post=35"}],"version-history":[{"count":25,"href":"http:\/\/lafermedelormay.com\/index.php?rest_route=\/wp\/v2\/pages\/35\/revisions"}],"predecessor-version":[{"id":609,"href":"http:\/\/lafermedelormay.com\/index.php?rest_route=\/wp\/v2\/pages\/35\/revisions\/609"}],"wp:attachment":[{"href":"http:\/\/lafermedelormay.com\/index.php?rest_route=%2Fwp%2Fv2%2Fmedia&parent=35"}],"curies":[{"name":"wp","href":"https:\/\/api.w.org\/{rel}","templated":true}]}}